{"id":68,"date":"2020-01-03T14:53:47","date_gmt":"2020-01-03T13:53:47","guid":{"rendered":"http:\/\/laboiteacoucou.fr\/?page_id=68"},"modified":"2026-03-18T16:59:01","modified_gmt":"2026-03-18T15:59:01","slug":"a-propos","status":"publish","type":"page","link":"https:\/\/laboiteacoucou.fr\/","title":{"rendered":"La Bo\u00eete \u00e0 Coucou"},"content":{"rendered":"\t\t<div data-elementor-type=\"wp-page\" data-elementor-id=\"68\" class=\"elementor elementor-68\">\n\t\t\t\t\t\t<div class=\"elementor-inner\">\n\t\t\t\t<div class=\"elementor-section-wrap\">\n\t\t\t\t\t\t\t\t\t<section class=\"elementor-section elementor-top-section elementor-element elementor-element-1729fff0 elementor-section-boxed elementor-section-height-default elementor-section-height-default\" data-id=\"1729fff0\" data-element_type=\"section\">\n\t\t\t\t\t\t<div class=\"elementor-container elementor-column-gap-default\">\n\t\t\t\t\t\t\t<div class=\"elementor-row\">\n\t\t\t\t\t<div class=\"elementor-column elementor-col-100 elementor-top-column elementor-element elementor-element-75dcdeb2\" data-id=\"75dcdeb2\" data-element_type=\"column\">\n\t\t\t<div class=\"elementor-column-wrap elementor-element-populated\">\n\t\t\t\t\t\t\t<div class=\"elementor-widget-wrap\">\n\t\t\t\t\t\t<div class=\"elementor-element elementor-element-20d207e elementor-widget elementor-widget-text-editor\" data-id=\"20d207e\" data-element_type=\"widget\" data-widget_type=\"text-editor.default\">\n\t\t\t\t<div class=\"elementor-widget-container\">\n\t\t\t\t\t\t\t\t<div class=\"elementor-text-editor elementor-clearfix\">\n\t\t\t\t<p><!-- wp:heading --><\/p>\n<h2>La Bo\u00eete \u00e0 Coucou, borne photo \u00e0 impression instantan\u00e9e<\/h2>\n<div>\u00a0<\/div>\n<p><!-- \/wp:heading --><!-- wp:paragraph --><\/p>\n<p>En 2017 j&rsquo;ai remis la main sur une photo prise il y a une quinzaine d&rsquo;ann\u00e9es dans un photomaton. Nous \u00e9tions 6 sur la photo\u2026 enfin je me rappelle que nous \u00e9tions 6, car sur la photo on ne reconnait vraiment bien que 3 personnes. Pour le reste : un front, une main qui agrippe et une touffe de cheveux non identifiable ! <br \/>Ce que je retiens surtout c\u2019est le souvenir de cette photo un peu d\u00e9lav\u00e9e qui vient dessiner un sourire sur mes l\u00e8vres\u2026<\/p>\n<p><!-- \/wp:paragraph --><!-- wp:quote --><\/p>\n<blockquote class=\"wp-block-quote\">\n<p>Ce souvenir qui vient dessiner un sourire sur mes l\u00e8vres\u2026<\/p>\n<\/blockquote>\n<p><!-- \/wp:quote --><!-- wp:paragraph --><\/p>\n<p>Je suis <strong>photographe professionnel<\/strong>. Je m&rsquo;adresse aux <strong>entreprises<\/strong>, aux <strong>collectivit\u00e9s<\/strong> et aux <strong>particuliers<\/strong>. Mes photos illustrent des <strong>magazines<\/strong>, des sites <strong>web<\/strong>, des <strong>plaquettes<\/strong>, des <strong>expositions<\/strong>\u2026<br \/>Elles trouvent aussi leur place dans des <strong>albums<\/strong> de famille. Elles r\u00e9pondent \u00e0 la demande de mes clients et j&rsquo;y apporte mon regard, ma patte.<\/p>\n<p><!-- \/wp:paragraph --><!-- wp:paragraph --><\/p>\n<p>En retombant sur ce clich\u00e9 des ann\u00e9es 2000 j&rsquo;ai r\u00e9alis\u00e9 que je pouvais compl\u00e9ter ma palette avec ce que l&rsquo;on appelle en anglais un &lsquo;<strong>photobooth<\/strong>&lsquo; et que j&rsquo;ai traduit par \u00ab\u00a0<strong>La Bo\u00eete \u00e0 Coucou\u00a0\u00bb !<\/strong><br \/>L&rsquo;objet final est toujours le m\u00eame : la PHOTO, mais l&rsquo;intention est autre et compl\u00e8te le travail de photographe sur un<strong> \u00e9v\u00e9nement professionnel ou particulier<\/strong>.<br \/>J\u2019apporte le <strong>mat\u00e9riel<\/strong>, ma comp\u00e9tence <strong>technique<\/strong> pour les r\u00e9glages et la <strong>mise en sc\u00e8ne<\/strong>. Et je laisse la main \u00e0 <strong>mes clients qui deviennent alors \u00e0 la fois photographes et mod\u00e8les<\/strong>, comme dans les bons vieux photomatons, Avec encore plus de possibilit\u00e9s techniques<\/p>\n<p><!-- \/wp:paragraph --><\/p>\t\t\t\t\t<\/div>\n\t\t\t\t\t\t<\/div>\n\t\t\t\t<\/div>\n\t\t\t\t<div class=\"elementor-element elementor-element-ccd65b4 elementor-align-center elementor-widget elementor-widget-button\" data-id=\"ccd65b4\" data-element_type=\"widget\" data-widget_type=\"button.default\">\n\t\t\t\t<div class=\"elementor-widget-container\">\n\t\t\t\t\t<div class=\"elementor-button-wrapper\">\n\t\t\t<a href=\"https:\/\/laboiteacoucou.fr\/?page_id=83\" class=\"elementor-button-link elementor-button elementor-size-sm\" role=\"button\">\n\t\t\t\t\t\t<span class=\"elementor-button-content-wrapper\">\n\t\t\t\t\t\t<span class=\"elementor-button-text\">Je suis un particulier<\/span>\n\t\t<\/span>\n\t\t\t\t\t<\/a>\n\t\t<\/div>\n\t\t\t\t<\/div>\n\t\t\t\t<\/div>\n\t\t\t\t<div class=\"elementor-element elementor-element-f2a4b06 elementor-align-center elementor-widget elementor-widget-button\" data-id=\"f2a4b06\" data-element_type=\"widget\" data-widget_type=\"button.default\">\n\t\t\t\t<div class=\"elementor-widget-container\">\n\t\t\t\t\t<div class=\"elementor-button-wrapper\">\n\t\t\t<a href=\"https:\/\/laboiteacoucou.fr\/?page_id=556\" class=\"elementor-button-link elementor-button elementor-size-sm\" role=\"button\">\n\t\t\t\t\t\t<span class=\"elementor-button-content-wrapper\">\n\t\t\t\t\t\t<span class=\"elementor-button-text\">Je suis un professionnel<\/span>\n\t\t<\/span>\n\t\t\t\t\t<\/a>\n\t\t<\/div>\n\t\t\t\t<\/div>\n\t\t\t\t<\/div>\n\t\t\t\t<div class=\"elementor-element elementor-element-8eb5a3c elementor-widget elementor-widget-image-carousel\" data-id=\"8eb5a3c\" data-element_type=\"widget\" data-settings=\"{&quot;slides_to_show&quot;:&quot;4&quot;,&quot;navigation&quot;:&quot;none&quot;,&quot;autoplay&quot;:&quot;yes&quot;,&quot;pause_on_hover&quot;:&quot;yes&quot;,&quot;pause_on_interaction&quot;:&quot;yes&quot;,&quot;autoplay_speed&quot;:5000,&quot;infinite&quot;:&quot;yes&quot;,&quot;speed&quot;:500}\" data-widget_type=\"image-carousel.default\">\n\t\t\t\t<div class=\"elementor-widget-container\">\n\t\t\t\t\t<div class=\"elementor-image-carousel-wrapper swiper-container\" dir=\"ltr\">\n\t\t\t<div class=\"elementor-image-carousel swiper-wrapper\">\n\t\t\t\t\t\t\t\t<div class=\"swiper-slide\"><figure class=\"swiper-slide-inner\"><img class=\"swiper-slide-image\" src=\"https:\/\/laboiteacoucou.fr\/wp-content\/uploads\/2020\/01\/20190922041115.jpg\" alt=\"20190922041115\" \/><\/figure><\/div><div class=\"swiper-slide\"><figure class=\"swiper-slide-inner\"><img class=\"swiper-slide-image\" src=\"https:\/\/laboiteacoucou.fr\/wp-content\/uploads\/2020\/01\/20190601191249-4.jpg\" alt=\"20190601191249-4\" \/><\/figure><\/div><div class=\"swiper-slide\"><figure class=\"swiper-slide-inner\"><img class=\"swiper-slide-image\" src=\"https:\/\/laboiteacoucou.fr\/wp-content\/uploads\/2020\/01\/20190629093717.jpg\" alt=\"20190629093717\" \/><\/figure><\/div><div class=\"swiper-slide\"><figure class=\"swiper-slide-inner\"><img class=\"swiper-slide-image\" src=\"https:\/\/laboiteacoucou.fr\/wp-content\/uploads\/2020\/01\/20190720134559-2-1.jpg\" alt=\"20190720134559-2 (1)\" \/><\/figure><\/div><div class=\"swiper-slide\"><figure class=\"swiper-slide-inner\"><img class=\"swiper-slide-image\" src=\"https:\/\/laboiteacoucou.fr\/wp-content\/uploads\/2020\/01\/20190720135721-1.jpg\" alt=\"20190720135721\" \/><\/figure><\/div><div class=\"swiper-slide\"><figure class=\"swiper-slide-inner\"><img class=\"swiper-slide-image\" src=\"https:\/\/laboiteacoucou.fr\/wp-content\/uploads\/2020\/01\/20190720202805.jpg\" alt=\"20190720202805\" \/><\/figure><\/div><div class=\"swiper-slide\"><figure class=\"swiper-slide-inner\"><img class=\"swiper-slide-image\" src=\"https:\/\/laboiteacoucou.fr\/wp-content\/uploads\/2020\/01\/20190914213212-1.jpg\" alt=\"20190914213212\" \/><\/figure><\/div><div class=\"swiper-slide\"><figure class=\"swiper-slide-inner\"><img class=\"swiper-slide-image\" src=\"https:\/\/laboiteacoucou.fr\/wp-content\/uploads\/2020\/01\/20190920003125-1.jpg\" alt=\"20190920003125\" \/><\/figure><\/div><div class=\"swiper-slide\"><figure class=\"swiper-slide-inner\"><img class=\"swiper-slide-image\" src=\"https:\/\/laboiteacoucou.fr\/wp-content\/uploads\/2020\/01\/20190921193636.jpg\" alt=\"20190921193636\" \/><\/figure><\/div><div class=\"swiper-slide\"><figure class=\"swiper-slide-inner\"><img class=\"swiper-slide-image\" src=\"https:\/\/laboiteacoucou.fr\/wp-content\/uploads\/2020\/01\/20190704183857.jpg\" alt=\"20190704183857\" \/><\/figure><\/div><div class=\"swiper-slide\"><figure class=\"swiper-slide-inner\"><img class=\"swiper-slide-image\" src=\"https:\/\/laboiteacoucou.fr\/wp-content\/uploads\/2020\/01\/20190515145114.jpg\" alt=\"20190515145114\" \/><\/figure><\/div>\t\t\t<\/div>\n\t\t\t\t\t\t\t\t\t\t\t\t\t\t\t\t<\/div>\n\t\t\t\t<\/div>\n\t\t\t\t<\/div>\n\t\t\t\t\t\t<\/div>\n\t\t\t\t\t<\/div>\n\t\t<\/div>\n\t\t\t\t\t\t\t\t<\/div>\n\t\t\t\t\t<\/div>\n\t\t<\/section>\n\t\t\t\t<section class=\"elementor-section elementor-top-section elementor-element elementor-element-2e41b1e elementor-section-boxed elementor-section-height-default elementor-section-height-default\" data-id=\"2e41b1e\" data-element_type=\"section\">\n\t\t\t\t\t\t<div class=\"elementor-container elementor-column-gap-default\">\n\t\t\t\t\t\t\t<div class=\"elementor-row\">\n\t\t\t\t\t<div class=\"elementor-column elementor-col-100 elementor-top-column elementor-element elementor-element-5b6abbc\" data-id=\"5b6abbc\" data-element_type=\"column\">\n\t\t\t<div class=\"elementor-column-wrap elementor-element-populated\">\n\t\t\t\t\t\t\t<div class=\"elementor-widget-wrap\">\n\t\t\t\t\t\t<div class=\"elementor-element elementor-element-e85952f elementor-widget elementor-widget-html\" data-id=\"e85952f\" data-element_type=\"widget\" data-widget_type=\"html.default\">\n\t\t\t\t<div class=\"elementor-widget-container\">\n\t\t\t<script src=\"https:\/\/cdn1.mariages.net\/js\/wp-widget.js?symfnw-FR48-1-20260318-004-0_www_m_\"><\/script>\r\n<div id=\"wp-widget-reviews\">\r\n    <div id=\"wp-widget-preview\">\r\n        Lire  <a href=\"https:\/\/www.mariages.net\/animation-mariage\/la-boite-a-coucou-photobooth--e262945\/avis\" rel=\"nofollow\" rel=\"nofollow\">nos avis<\/a> \u00e0 &nbsp;\r\n        <a href='https:\/\/www.mariages.net' rel=\"nofollow\">\r\n            <img src=\"https:\/\/cdn1.mariages.net\/assets\/img\/logos\/gen_logoHeader.svg\" height=\"20\">\r\n        <\/a>\r\n    <\/div>\r\n<\/div>\r\n<script>wpShowReviews(262945, \"blue\");<\/script>\r\n\t\t<\/div>\n\t\t\t\t<\/div>\n\t\t\t\t\t\t<\/div>\n\t\t\t\t\t<\/div>\n\t\t<\/div>\n\t\t\t\t\t\t\t\t<\/div>\n\t\t\t\t\t<\/div>\n\t\t<\/section>\n\t\t\t\t\t\t\t\t\t<\/div>\n\t\t\t<\/div>\n\t\t\t\t\t<\/div>\n\t\t","protected":false},"excerpt":{"rendered":"<p>La Bo\u00eete \u00e0 Coucou, borne photo \u00e0 impression instantan\u00e9e \u00a0 En 2017 j&rsquo;ai remis la main sur une photo prise il y a une quinzaine d&rsquo;ann\u00e9es dans un photomaton. Nous \u00e9tions 6 sur la photo\u2026 enfin je me rappelle que nous \u00e9tions 6, car sur la photo on ne reconnait vraiment bien que 3 personnes.&hellip;<\/p>\n","protected":false},"author":1,"featured_media":620,"parent":0,"menu_order":0,"comment_status":"closed","ping_status":"closed","template":"","meta":[],"_links":{"self":[{"href":"https:\/\/laboiteacoucou.fr\/index.php?rest_route=\/wp\/v2\/pages\/68"}],"collection":[{"href":"https:\/\/laboiteacoucou.fr\/index.php?rest_route=\/wp\/v2\/pages"}],"about":[{"href":"https:\/\/laboiteacoucou.fr\/index.php?rest_route=\/wp\/v2\/types\/page"}],"author":[{"embeddable":true,"href":"https:\/\/laboiteacoucou.fr\/index.php?rest_route=\/wp\/v2\/users\/1"}],"replies":[{"embeddable":true,"href":"https:\/\/laboiteacoucou.fr\/index.php?rest_route=%2Fwp%2Fv2%2Fcomments&post=68"}],"version-history":[{"count":51,"href":"https:\/\/laboiteacoucou.fr\/index.php?rest_route=\/wp\/v2\/pages\/68\/revisions"}],"predecessor-version":[{"id":751,"href":"https:\/\/laboiteacoucou.fr\/index.php?rest_route=\/wp\/v2\/pages\/68\/revisions\/751"}],"wp:featuredmedia":[{"embeddable":true,"href":"https:\/\/laboiteacoucou.fr\/index.php?rest_route=\/wp\/v2\/media\/620"}],"wp:attachment":[{"href":"https:\/\/laboiteacoucou.fr\/index.php?rest_route=%2Fwp%2Fv2%2Fmedia&parent=68"}],"curies":[{"name":"wp","href":"https:\/\/api.w.org\/{rel}","templated":true}]}}